{"id":13,"date":"2012-11-28T10:50:11","date_gmt":"2012-11-28T10:50:11","guid":{"rendered":"http:\/\/fellambiente-grieger.de\/?page_id=13"},"modified":"2019-10-21T16:00:39","modified_gmt":"2019-10-21T16:00:39","slug":"uber-uns","status":"publish","type":"page","link":"https:\/\/fellambiente-grieger.de\/?page_id=13","title":{"rendered":"\u00dcber uns"},"content":{"rendered":"<p>Im Herbst des Jahres 1967 \u00fcbernahm Leonhard Grieger mit seiner Frau Gisela Grieger die BP-Tankstelle am Schwarzen Weg in Peine. Schon damals war die Autow\u00e4sche ein wichtiges Standbein des Unternehmens, seit Mitte der achtziger Jahre \u2013 nach Schlie\u00dfung des Tankstellenbetriebes \u2013 die Haupteinnahmequelle.<\/p>\n<p>Fast zuf\u00e4llig integrierte das Ehepaar Grieger in den siebziger Jahren in den gro\u00dfen R\u00e4umlichkeiten einen Fellshop und versorgte fortan die Peiner mit warmer Fellbekleidung und kuscheligen Dekoideen.\u00a0Im Jahre 1992 er\u00f6ffnete Leonhard Grieger an der Woltorfer Stra\u00dfe eine f\u00fcnfzig Meter lange Autowaschstra\u00dfe \u2013 das Fell-Gesch\u00e4ft zog ebenfalls in die neuen R\u00e4umlichkeiten ein.<\/p>\n<p>Anfang 2007 wurde das Unternehmen vom Sohn Stephan Grieger und seiner Frau Carla \u00fcbernommen. <a href=\"https:\/\/fellambiente-grieger.de\/wp-content\/uploads\/2012\/11\/CarlaStephanWeb.jpg\"><img fetchpriority=\"high\" decoding=\"async\" class=\"aligncenter size-full wp-image-760\" title=\"Carla und Stephan Grieger im Fellshop\" src=\"https:\/\/fellambiente-grieger.de\/wp-content\/uploads\/2012\/11\/CarlaStephanWeb.jpg\" alt=\"\" width=\"300\" height=\"450\" srcset=\"https:\/\/fellambiente-grieger.de\/wp-content\/uploads\/2012\/11\/CarlaStephanWeb.jpg 300w, https:\/\/fellambiente-grieger.de\/wp-content\/uploads\/2012\/11\/CarlaStephanWeb-200x300.jpg 200w\" sizes=\"(max-width: 300px) 100vw, 300px\" \/><\/a>Seitdem hat sich im Fell-Gesch\u00e4ft einiges ver\u00e4ndert. Mit eigenem Namen \u201eFell Ambiente Grieger\u201c, neuem Logo und st\u00e4ndig verbreitertem Sortiment konnten die neuen Inhaber den Umsatz in den letzten Jahren nahezu versechsfachen. Insbesondere im Bereich Fell-<br \/>\nHandschuhe, -Hausschuhe und -M\u00fctzen konnten enorme Steigerungen verzeichnet werden.<\/p>\n<p>Bezogen auf den station\u00e4ren Vertrieb ist das Gesch\u00e4ft einer der gr\u00f6\u00dften Lammfell-Hausschuh-Anbieter in ganz Norddeutschland.<\/p>\n<p>Auch bei den Dekofellen bietet das Gesch\u00e4ft eine vielf\u00e4ltige Auswahl. So k\u00f6nnen die Kunden beispielsweise aus mehr als 100 Lammfellen in unterschiedlichen Farben und Gr\u00f6\u00dfen w\u00e4hlen, die &#8222;handverlesen&#8220; sind und dadurch immer eine absolute Premiumqualit\u00e4t haben. Dies wird dadurch gew\u00e4hrleistet, dass die Felle bei den Gro\u00dfh\u00e4ndlern direkt vor Ort aus tausenden Fellen herausgesucht werden.<\/p>\n<p>&nbsp;<\/p>\n","protected":false},"excerpt":{"rendered":"<p>Im Herbst des Jahres 1967 \u00fcbernahm Leonhard Grieger mit seiner Frau Gisela Grieger die BP-Tankstelle am Schwarzen Weg in Peine. Schon damals war die Autow\u00e4sche ein wichtiges Standbein des Unternehmens, seit Mitte der achtziger Jahre \u2013 nach Schlie\u00dfung des Tankstellenbetriebes \u2013 die Haupteinnahmequelle. Fast zuf\u00e4llig integrierte das Ehepaar Grieger in den siebziger Jahren in den [&hellip;]<\/p>\n","protected":false},"author":1,"featured_media":0,"parent":0,"menu_order":0,"comment_status":"closed","ping_status":"open","template":"","meta":{"ocean_post_layout":"","ocean_both_sidebars_style":"","ocean_both_sidebars_content_width":0,"ocean_both_sidebars_sidebars_width":0,"ocean_sidebar":"","ocean_second_sidebar":"","ocean_disable_margins":"enable","ocean_add_body_class":"","ocean_shortcode_before_top_bar":"","ocean_shortcode_after_top_bar":"","ocean_shortcode_before_header":"","ocean_shortcode_after_header":"","ocean_has_shortcode":"","ocean_shortcode_after_title":"","ocean_shortcode_before_footer_widgets":"","ocean_shortcode_after_footer_widgets":"","ocean_shortcode_before_footer_bottom":"","ocean_shortcode_after_footer_bottom":"","ocean_display_top_bar":"default","ocean_display_header":"default","ocean_header_style":"","ocean_center_header_left_menu":"","ocean_custom_header_template":"","ocean_custom_logo":0,"ocean_custom_retina_logo":0,"ocean_custom_logo_max_width":0,"ocean_custom_logo_tablet_max_width":0,"ocean_custom_logo_mobile_max_width":0,"ocean_custom_logo_max_height":0,"ocean_custom_logo_tablet_max_height":0,"ocean_custom_logo_mobile_max_height":0,"ocean_header_custom_menu":"","ocean_menu_typo_font_family":"","ocean_menu_typo_font_subset":"","ocean_menu_typo_font_size":0,"ocean_menu_typo_font_size_tablet":0,"ocean_menu_typo_font_size_mobile":0,"ocean_menu_typo_font_size_unit":"px","ocean_menu_typo_font_weight":"","ocean_menu_typo_font_weight_tablet":"","ocean_menu_typo_font_weight_mobile":"","ocean_menu_typo_transform":"","ocean_menu_typo_transform_tablet":"","ocean_menu_typo_transform_mobile":"","ocean_menu_typo_line_height":0,"ocean_menu_typo_line_height_tablet":0,"ocean_menu_typo_line_height_mobile":0,"ocean_menu_typo_line_height_unit":"","ocean_menu_typo_spacing":0,"ocean_menu_typo_spacing_tablet":0,"ocean_menu_typo_spacing_mobile":0,"ocean_menu_typo_spacing_unit":"","ocean_menu_link_color":"","ocean_menu_link_color_hover":"","ocean_menu_link_color_active":"","ocean_menu_link_background":"","ocean_menu_link_hover_background":"","ocean_menu_link_active_background":"","ocean_menu_social_links_bg":"","ocean_menu_social_hover_links_bg":"","ocean_menu_social_links_color":"","ocean_menu_social_hover_links_color":"","ocean_disable_title":"default","ocean_disable_heading":"default","ocean_post_title":"","ocean_post_subheading":"","ocean_post_title_style":"","ocean_post_title_background_color":"","ocean_post_title_background":0,"ocean_post_title_bg_image_position":"","ocean_post_title_bg_image_attachment":"","ocean_post_title_bg_image_repeat":"","ocean_post_title_bg_image_size":"","ocean_post_title_height":0,"ocean_post_title_bg_overlay":0.5,"ocean_post_title_bg_overlay_color":"","ocean_disable_breadcrumbs":"default","ocean_breadcrumbs_color":"","ocean_breadcrumbs_separator_color":"","ocean_breadcrumbs_links_color":"","ocean_breadcrumbs_links_hover_color":"","ocean_display_footer_widgets":"default","ocean_display_footer_bottom":"default","ocean_custom_footer_template":"","footnotes":""},"class_list":["post-13","page","type-page","status-publish","hentry","entry"],"_links":{"self":[{"href":"https:\/\/fellambiente-grieger.de\/index.php?rest_route=\/wp\/v2\/pages\/13","targetHints":{"allow":["GET"]}}],"collection":[{"href":"https:\/\/fellambiente-grieger.de\/index.php?rest_route=\/wp\/v2\/pages"}],"about":[{"href":"https:\/\/fellambiente-grieger.de\/index.php?rest_route=\/wp\/v2\/types\/page"}],"author":[{"embeddable":true,"href":"https:\/\/fellambiente-grieger.de\/index.php?rest_route=\/wp\/v2\/users\/1"}],"replies":[{"embeddable":true,"href":"https:\/\/fellambiente-grieger.de\/index.php?rest_route=%2Fwp%2Fv2%2Fcomments&post=13"}],"version-history":[{"count":21,"href":"https:\/\/fellambiente-grieger.de\/index.php?rest_route=\/wp\/v2\/pages\/13\/revisions"}],"predecessor-version":[{"id":1598,"href":"https:\/\/fellambiente-grieger.de\/index.php?rest_route=\/wp\/v2\/pages\/13\/revisions\/1598"}],"wp:attachment":[{"href":"https:\/\/fellambiente-grieger.de\/index.php?rest_route=%2Fwp%2Fv2%2Fmedia&parent=13"}],"curies":[{"name":"wp","href":"https:\/\/api.w.org\/{rel}","templated":true}]}}