{"id":138,"date":"2012-12-07T08:35:29","date_gmt":"2012-12-07T08:35:29","guid":{"rendered":"http:\/\/fellambiente-grieger.de\/?page_id=138"},"modified":"2022-11-16T08:33:04","modified_gmt":"2022-11-16T08:33:04","slug":"autositzfelle-2","status":"publish","type":"page","link":"https:\/\/fellambiente-grieger.de\/?page_id=138","title":{"rendered":"Autositzfelle"},"content":{"rendered":"\t\t<div data-elementor-type=\"wp-page\" data-elementor-id=\"138\" class=\"elementor elementor-138\">\n\t\t\t\t\t\t<section class=\"elementor-section elementor-top-section elementor-element elementor-element-24a4e62c elementor-section-boxed elementor-section-height-default elementor-section-height-default\" data-id=\"24a4e62c\" data-element_type=\"section\" data-e-type=\"section\">\n\t\t\t\t\t\t<div class=\"elementor-container elementor-column-gap-default\">\n\t\t\t\t\t<div class=\"elementor-column elementor-col-100 elementor-top-column elementor-element elementor-element-5c911b92\" data-id=\"5c911b92\" data-element_type=\"column\" data-e-type=\"column\">\n\t\t\t<div class=\"elementor-widget-wrap elementor-element-populated\">\n\t\t\t\t\t\t<div class=\"elementor-element elementor-element-1e57b2f7 elementor-widget elementor-widget-text-editor\" data-id=\"1e57b2f7\" data-element_type=\"widget\" data-e-type=\"widget\" data-widget_type=\"text-editor.default\">\n\t\t\t\t<div class=\"elementor-widget-container\">\n\t\t\t\t\t\t\t\t\t<p>Wir verkaufen ausschlie\u00dflich Autositzfelle des deutschen Herstellers R\u00d6K\u00dc. Die Bez\u00fcge sind komplett aus australischem Lammfell gearbeitet &#8211; auf der R\u00fcckseite ist ein Vlies aufgen\u00e4ht \u2013 und weisen eine gepr\u00fcfte Eignung f\u00fcr Seitenairbags auf. Da man bei vorhandenem Seitenairbag mit dem Fell einen sicherheitsrelevanten Bestandteil des Fahrzeugs verdecken w\u00fcrde, erhalten Sie eine entsprechende Allgemeine Betriebserlaubnis.<\/p><p>In vielen F\u00e4llen passt eine der beiden Standard-Passformgr\u00f6\u00dfen \u2013 Ma\u00dfanfertigungen (Preis auf Anfrage) sind ebenfalls m\u00f6glich. Die Standardfarben (ohne Aufpreis) sind anthrazit, sekt (helles beige), camel und silber (helles grau). Nat\u00fcrlich montieren wir auch gern Ihre Felle. Der Preis richtet sich dabei aufgrund der gro\u00dfen Unterschiede der Fahrzeuge nach der ben\u00f6tigten Zeit.<\/p><p><a href=\"http:\/\/fellambiente-grieger.de\/wp-content\/uploads\/2012\/12\/Autositzfell_Doppelkappe_web.jpg\"><img fetchpriority=\"high\" decoding=\"async\" class=\"alignleft size-thumbnail wp-image-689\" title=\"Autositzfell Doppelkappe und Kopfst\u00fctzenbezug\" src=\"http:\/\/fellambiente-grieger.de\/wp-content\/uploads\/2012\/12\/Autositzfell_Doppelkappe_web-300x300.jpg\" alt=\"\" width=\"300\" height=\"300\" srcset=\"https:\/\/fellambiente-grieger.de\/wp-content\/uploads\/2012\/12\/Autositzfell_Doppelkappe_web-300x300.jpg 300w, https:\/\/fellambiente-grieger.de\/wp-content\/uploads\/2012\/12\/Autositzfell_Doppelkappe_web-500x500.jpg 500w, https:\/\/fellambiente-grieger.de\/wp-content\/uploads\/2012\/12\/Autositzfell_Doppelkappe_web.jpg 1000w\" sizes=\"(max-width: 300px) 100vw, 300px\" \/><\/a><\/p><p>Autositzfell (Doppelkappe) Standardgr\u00f6\u00dfe<br \/><strong>\u20ac 220,00<\/strong> pro Paar<\/p><p>Kopfst\u00fctzenbez\u00fcge (hinten mit Webpelz)<\/p><p><strong>\u20ac 65,00<\/strong>\u00a0pro Paar<\/p><p>\u00a0<\/p><p>\u00a0<\/p><p>\u00a0<\/p><p>\u00a0<\/p><p><a href=\"http:\/\/fellambiente-grieger.de\/wp-content\/uploads\/2012\/12\/Lenkradbezug_web.jpg\"><img decoding=\"async\" class=\"alignleft wp-image-695\" title=\"Lenkradbezug\" src=\"http:\/\/fellambiente-grieger.de\/wp-content\/uploads\/2012\/12\/Lenkradbezug_web-300x300.jpg\" alt=\"\" width=\"257\" height=\"257\" srcset=\"https:\/\/fellambiente-grieger.de\/wp-content\/uploads\/2012\/12\/Lenkradbezug_web-300x300.jpg 300w, https:\/\/fellambiente-grieger.de\/wp-content\/uploads\/2012\/12\/Lenkradbezug_web-500x500.jpg 500w, https:\/\/fellambiente-grieger.de\/wp-content\/uploads\/2012\/12\/Lenkradbezug_web.jpg 1000w\" sizes=\"(max-width: 257px) 100vw, 257px\" \/><\/a><\/p><p>Lenkradfell<br \/><strong>\u20ac 10,95<\/strong><\/p>\t\t\t\t\t\t\t\t<\/div>\n\t\t\t\t<\/div>\n\t\t\t\t\t<\/div>\n\t\t<\/div>\n\t\t\t\t\t<\/div>\n\t\t<\/section>\n\t\t\t\t<\/div>\n\t\t","protected":false},"excerpt":{"rendered":"<p>Wir verkaufen ausschlie\u00dflich Autositzfelle des deutschen Herstellers R\u00d6K\u00dc. Die Bez\u00fcge sind komplett aus australischem Lammfell gearbeitet &#8211; auf der R\u00fcckseite ist ein Vlies aufgen\u00e4ht \u2013 und weisen eine gepr\u00fcfte Eignung f\u00fcr Seitenairbags auf. Da man bei vorhandenem Seitenairbag mit dem Fell einen sicherheitsrelevanten Bestandteil des Fahrzeugs verdecken w\u00fcrde, erhalten Sie eine entsprechende Allgemeine Betriebserlaubnis. In [&hellip;]<\/p>\n","protected":false},"author":1,"featured_media":0,"parent":0,"menu_order":0,"comment_status":"closed","ping_status":"open","template":"","meta":{"ocean_post_layout":"","ocean_both_sidebars_style":"","ocean_both_sidebars_content_width":0,"ocean_both_sidebars_sidebars_width":0,"ocean_sidebar":"","ocean_second_sidebar":"","ocean_disable_margins":"enable","ocean_add_body_class":"","ocean_shortcode_before_top_bar":"","ocean_shortcode_after_top_bar":"","ocean_shortcode_before_header":"","ocean_shortcode_after_header":"","ocean_has_shortcode":"","ocean_shortcode_after_title":"","ocean_shortcode_before_footer_widgets":"","ocean_shortcode_after_footer_widgets":"","ocean_shortcode_before_footer_bottom":"","ocean_shortcode_after_footer_bottom":"","ocean_display_top_bar":"default","ocean_display_header":"default","ocean_header_style":"","ocean_center_header_left_menu":"","ocean_custom_header_template":"","ocean_custom_logo":0,"ocean_custom_retina_logo":0,"ocean_custom_logo_max_width":0,"ocean_custom_logo_tablet_max_width":0,"ocean_custom_logo_mobile_max_width":0,"ocean_custom_logo_max_height":0,"ocean_custom_logo_tablet_max_height":0,"ocean_custom_logo_mobile_max_height":0,"ocean_header_custom_menu":"","ocean_menu_typo_font_family":"","ocean_menu_typo_font_subset":"","ocean_menu_typo_font_size":0,"ocean_menu_typo_font_size_tablet":0,"ocean_menu_typo_font_size_mobile":0,"ocean_menu_typo_font_size_unit":"px","ocean_menu_typo_font_weight":"","ocean_menu_typo_font_weight_tablet":"","ocean_menu_typo_font_weight_mobile":"","ocean_menu_typo_transform":"","ocean_menu_typo_transform_tablet":"","ocean_menu_typo_transform_mobile":"","ocean_menu_typo_line_height":0,"ocean_menu_typo_line_height_tablet":0,"ocean_menu_typo_line_height_mobile":0,"ocean_menu_typo_line_height_unit":"","ocean_menu_typo_spacing":0,"ocean_menu_typo_spacing_tablet":0,"ocean_menu_typo_spacing_mobile":0,"ocean_menu_typo_spacing_unit":"","ocean_menu_link_color":"","ocean_menu_link_color_hover":"","ocean_menu_link_color_active":"","ocean_menu_link_background":"","ocean_menu_link_hover_background":"","ocean_menu_link_active_background":"","ocean_menu_social_links_bg":"","ocean_menu_social_hover_links_bg":"","ocean_menu_social_links_color":"","ocean_menu_social_hover_links_color":"","ocean_disable_title":"default","ocean_disable_heading":"default","ocean_post_title":"","ocean_post_subheading":"","ocean_post_title_style":"","ocean_post_title_background_color":"","ocean_post_title_background":0,"ocean_post_title_bg_image_position":"","ocean_post_title_bg_image_attachment":"","ocean_post_title_bg_image_repeat":"","ocean_post_title_bg_image_size":"","ocean_post_title_height":0,"ocean_post_title_bg_overlay":0.5,"ocean_post_title_bg_overlay_color":"","ocean_disable_breadcrumbs":"default","ocean_breadcrumbs_color":"","ocean_breadcrumbs_separator_color":"","ocean_breadcrumbs_links_color":"","ocean_breadcrumbs_links_hover_color":"","ocean_display_footer_widgets":"default","ocean_display_footer_bottom":"default","ocean_custom_footer_template":"","footnotes":""},"class_list":["post-138","page","type-page","status-publish","hentry","entry"],"_links":{"self":[{"href":"https:\/\/fellambiente-grieger.de\/index.php?rest_route=\/wp\/v2\/pages\/138","targetHints":{"allow":["GET"]}}],"collection":[{"href":"https:\/\/fellambiente-grieger.de\/index.php?rest_route=\/wp\/v2\/pages"}],"about":[{"href":"https:\/\/fellambiente-grieger.de\/index.php?rest_route=\/wp\/v2\/types\/page"}],"author":[{"embeddable":true,"href":"https:\/\/fellambiente-grieger.de\/index.php?rest_route=\/wp\/v2\/users\/1"}],"replies":[{"embeddable":true,"href":"https:\/\/fellambiente-grieger.de\/index.php?rest_route=%2Fwp%2Fv2%2Fcomments&post=138"}],"version-history":[{"count":19,"href":"https:\/\/fellambiente-grieger.de\/index.php?rest_route=\/wp\/v2\/pages\/138\/revisions"}],"predecessor-version":[{"id":1855,"href":"https:\/\/fellambiente-grieger.de\/index.php?rest_route=\/wp\/v2\/pages\/138\/revisions\/1855"}],"wp:attachment":[{"href":"https:\/\/fellambiente-grieger.de\/index.php?rest_route=%2Fwp%2Fv2%2Fmedia&parent=138"}],"curies":[{"name":"wp","href":"https:\/\/api.w.org\/{rel}","templated":true}]}}