{"id":15,"date":"2012-11-28T10:50:35","date_gmt":"2012-11-28T10:50:35","guid":{"rendered":"http:\/\/fellambiente-grieger.de\/?page_id=15"},"modified":"2019-10-12T11:58:04","modified_gmt":"2019-10-12T11:58:04","slug":"produkte","status":"publish","type":"page","link":"https:\/\/fellambiente-grieger.de\/?page_id=15","title":{"rendered":"Produkte"},"content":{"rendered":"<p>Fell\u00a0 ist trendy, chic, modern, stylisch, kuschelig, robust, nat\u00fcrlich, langlebig, w\u00e4rmend, k\u00fchlend \u2013 einfach universell.<\/p>\n<p>Seit einigen Jahren ist eine deutliche Steigerung der Nachfrage nach nat\u00fcrlichen Fellprodukten sp\u00fcrbar.\u00a0Immer mehr Menschen erkennen die fantastischen Eigenschaften von Fellen \u2013 sowohl im Bekleidungs- als auch u. a. im Dekorationsbereich spielen Felle eine immer gr\u00f6\u00dfere Rolle.<\/p>\n<p><a href=\"https:\/\/fellambiente-grieger.de\/wp-content\/uploads\/2012\/11\/FrauHausschuhe3Web.jpg\"><img fetchpriority=\"high\" decoding=\"async\" class=\"alignleft size-full wp-image-779\" title=\"FrauHausschuhe3Web\" src=\"https:\/\/fellambiente-grieger.de\/wp-content\/uploads\/2012\/11\/FrauHausschuhe3Web.jpg\" alt=\"\" width=\"300\" height=\"220\" \/><\/a><\/p>\n<p>&nbsp;<\/p>\n<p><!--nextpage--><\/p>\n<p><a href=\"https:\/\/fellambiente-grieger.de\/wp-content\/uploads\/2012\/11\/CarlaFellschuhe3Web.jpg\"><img decoding=\"async\" class=\"size-full wp-image-788 alignleft\" title=\"CarlaFellschuhe3Web\" src=\"https:\/\/fellambiente-grieger.de\/wp-content\/uploads\/2012\/11\/CarlaFellschuhe3Web.jpg\" alt=\"\" width=\"300\" height=\"430\" srcset=\"https:\/\/fellambiente-grieger.de\/wp-content\/uploads\/2012\/11\/CarlaFellschuhe3Web.jpg 300w, https:\/\/fellambiente-grieger.de\/wp-content\/uploads\/2012\/11\/CarlaFellschuhe3Web-209x300.jpg 209w\" sizes=\"(max-width: 300px) 100vw, 300px\" \/><\/a><!--nextpage--><\/p>\n<p><a href=\"https:\/\/fellambiente-grieger.de\/wp-content\/uploads\/2012\/11\/BabyLammfell5Web.png\"><img decoding=\"async\" class=\"alignleft size-full wp-image-886\" title=\"BabyLammfell5Web\" src=\"https:\/\/fellambiente-grieger.de\/wp-content\/uploads\/2012\/11\/BabyLammfell5Web.png\" alt=\"\" width=\"300\" height=\"232\" \/><\/a><\/p>\n<p>Fell ist kein beliebig oft reproduzierbares Online-produkt \u2013 jedes Fell ist ein Unikat.<\/p>\n<p>Deshalb laden wir Sie zu uns ein, damit Sie Ihr neues Fell sehen, anfassen und sp\u00fcren k\u00f6nnen.<\/p>\n<p>Diese Internetseite soll Ihnen vorab einen kleinen Vorgeschmack liefern, auf das, was Sie bei uns erwartet.<\/p>\n<p>Wir w\u00fcnschen Ihnen viel Freude.<\/p>\n","protected":false},"excerpt":{"rendered":"<p>Fell\u00a0 ist trendy, chic, modern, stylisch, kuschelig, robust, nat\u00fcrlich, langlebig, w\u00e4rmend, k\u00fchlend \u2013 einfach universell. Seit einigen Jahren ist eine deutliche Steigerung der Nachfrage nach nat\u00fcrlichen Fellprodukten sp\u00fcrbar.\u00a0Immer mehr Menschen erkennen die fantastischen Eigenschaften von Fellen \u2013 sowohl im Bekleidungs- als auch u. a. im Dekorationsbereich spielen Felle eine immer gr\u00f6\u00dfere Rolle. &nbsp;<\/p>\n","protected":false},"author":1,"featured_media":0,"parent":0,"menu_order":0,"comment_status":"closed","ping_status":"open","template":"","meta":{"ocean_post_layout":"","ocean_both_sidebars_style":"","ocean_both_sidebars_content_width":0,"ocean_both_sidebars_sidebars_width":0,"ocean_sidebar":"","ocean_second_sidebar":"","ocean_disable_margins":"enable","ocean_add_body_class":"","ocean_shortcode_before_top_bar":"","ocean_shortcode_after_top_bar":"","ocean_shortcode_before_header":"","ocean_shortcode_after_header":"","ocean_has_shortcode":"","ocean_shortcode_after_title":"","ocean_shortcode_before_footer_widgets":"","ocean_shortcode_after_footer_widgets":"","ocean_shortcode_before_footer_bottom":"","ocean_shortcode_after_footer_bottom":"","ocean_display_top_bar":"default","ocean_display_header":"default","ocean_header_style":"","ocean_center_header_left_menu":"","ocean_custom_header_template":"","ocean_custom_logo":0,"ocean_custom_retina_logo":0,"ocean_custom_logo_max_width":0,"ocean_custom_logo_tablet_max_width":0,"ocean_custom_logo_mobile_max_width":0,"ocean_custom_logo_max_height":0,"ocean_custom_logo_tablet_max_height":0,"ocean_custom_logo_mobile_max_height":0,"ocean_header_custom_menu":"","ocean_menu_typo_font_family":"","ocean_menu_typo_font_subset":"","ocean_menu_typo_font_size":0,"ocean_menu_typo_font_size_tablet":0,"ocean_menu_typo_font_size_mobile":0,"ocean_menu_typo_font_size_unit":"px","ocean_menu_typo_font_weight":"","ocean_menu_typo_font_weight_tablet":"","ocean_menu_typo_font_weight_mobile":"","ocean_menu_typo_transform":"","ocean_menu_typo_transform_tablet":"","ocean_menu_typo_transform_mobile":"","ocean_menu_typo_line_height":0,"ocean_menu_typo_line_height_tablet":0,"ocean_menu_typo_line_height_mobile":0,"ocean_menu_typo_line_height_unit":"","ocean_menu_typo_spacing":0,"ocean_menu_typo_spacing_tablet":0,"ocean_menu_typo_spacing_mobile":0,"ocean_menu_typo_spacing_unit":"","ocean_menu_link_color":"","ocean_menu_link_color_hover":"","ocean_menu_link_color_active":"","ocean_menu_link_background":"","ocean_menu_link_hover_background":"","ocean_menu_link_active_background":"","ocean_menu_social_links_bg":"","ocean_menu_social_hover_links_bg":"","ocean_menu_social_links_color":"","ocean_menu_social_hover_links_color":"","ocean_disable_title":"default","ocean_disable_heading":"default","ocean_post_title":"","ocean_post_subheading":"","ocean_post_title_style":"","ocean_post_title_background_color":"","ocean_post_title_background":0,"ocean_post_title_bg_image_position":"","ocean_post_title_bg_image_attachment":"","ocean_post_title_bg_image_repeat":"","ocean_post_title_bg_image_size":"","ocean_post_title_height":0,"ocean_post_title_bg_overlay":0.5,"ocean_post_title_bg_overlay_color":"","ocean_disable_breadcrumbs":"default","ocean_breadcrumbs_color":"","ocean_breadcrumbs_separator_color":"","ocean_breadcrumbs_links_color":"","ocean_breadcrumbs_links_hover_color":"","ocean_display_footer_widgets":"default","ocean_display_footer_bottom":"default","ocean_custom_footer_template":"","footnotes":""},"class_list":["post-15","page","type-page","status-publish","hentry","entry"],"_links":{"self":[{"href":"https:\/\/fellambiente-grieger.de\/index.php?rest_route=\/wp\/v2\/pages\/15","targetHints":{"allow":["GET"]}}],"collection":[{"href":"https:\/\/fellambiente-grieger.de\/index.php?rest_route=\/wp\/v2\/pages"}],"about":[{"href":"https:\/\/fellambiente-grieger.de\/index.php?rest_route=\/wp\/v2\/types\/page"}],"author":[{"embeddable":true,"href":"https:\/\/fellambiente-grieger.de\/index.php?rest_route=\/wp\/v2\/users\/1"}],"replies":[{"embeddable":true,"href":"https:\/\/fellambiente-grieger.de\/index.php?rest_route=%2Fwp%2Fv2%2Fcomments&post=15"}],"version-history":[{"count":60,"href":"https:\/\/fellambiente-grieger.de\/index.php?rest_route=\/wp\/v2\/pages\/15\/revisions"}],"predecessor-version":[{"id":1506,"href":"https:\/\/fellambiente-grieger.de\/index.php?rest_route=\/wp\/v2\/pages\/15\/revisions\/1506"}],"wp:attachment":[{"href":"https:\/\/fellambiente-grieger.de\/index.php?rest_route=%2Fwp%2Fv2%2Fmedia&parent=15"}],"curies":[{"name":"wp","href":"https:\/\/api.w.org\/{rel}","templated":true}]}}